{"id":7,"date":"2025-03-10T21:02:40","date_gmt":"2025-03-10T20:02:40","guid":{"rendered":"https:\/\/oyumllu.cluster021.hosting.ovh.net\/?page_id=7"},"modified":"2025-04-10T18:40:48","modified_gmt":"2025-04-10T16:40:48","slug":"home","status":"publish","type":"page","link":"https:\/\/mb-nettoyage12.fr\/","title":{"rendered":"Nettoyage \u00e0 domicile"},"content":{"rendered":"\n<p>MB Nettoyage vous propose ses services de nettoyage \u00e0 domicile. <br>Je peux intervenir sur vos int\u00e9rieurs de voiture, vos canap\u00e9s, vos tapis et matelas afin de leur rendre leur \u00e9clat d&rsquo;origine.<\/p>\n\n\n\n<h2 class=\"wp-block-heading has-text-align-center\">Contenu \u00e0 venir \ud83d\ude09<\/h2>\n\n\n\n<h2 class=\"wp-block-heading has-text-align-center\">V\u00e9hicules<\/h2>\n\n\n\n<p>Je vous propose, \u00e0 l&rsquo;aide de techniques et produits professionnels, de nettoyer en profondeur l&rsquo;int\u00e9rieur de votre v\u00e9hicule. Pr\u00eatez-moi une prise (et \u00e9ventuellement un \u00e9vier) et je m&rsquo;occupe du reste !<br>Avec la formule de base et ses options \u00e0 la carte, b\u00e9n\u00e9ficiez d&rsquo;une prestation adapt\u00e9e et sur mesure.<\/p>\n\n\n\n<h2 class=\"wp-block-heading has-text-align-center\">Contenu \u00e0 venir \ud83d\ude09<\/h2>\n\n\n\n<h2 class=\"wp-block-heading has-text-align-center\">Canap\u00e9s \/ Matelas \/ Tapis<\/h2>\n\n\n\n<p>Une t\u00e2che r\u00e9calcitrante ? Des odeurs tenaces ? Je peux m&rsquo;occuper de faire dispara\u00eetre tout \u00e7a !<\/p>\n\n\n\n<h2 class=\"wp-block-heading has-text-align-center\">Contenu \u00e0 venir \ud83d\ude09<\/h2>\n\n\n\n<p><\/p>\n","protected":false},"excerpt":{"rendered":"<p>MB Nettoyage vous propose ses services de nettoyage \u00e0 domicile. Je peux intervenir sur vos [&hellip;]<\/p>\n","protected":false},"author":1,"featured_media":0,"parent":0,"menu_order":0,"comment_status":"closed","ping_status":"closed","template":"templates\/template-homepage.php","meta":{"footnotes":""},"class_list":["post-7","page","type-page","status-publish","hentry"],"_links":{"self":[{"href":"https:\/\/mb-nettoyage12.fr\/index.php?rest_route=\/wp\/v2\/pages\/7","targetHints":{"allow":["GET"]}}],"collection":[{"href":"https:\/\/mb-nettoyage12.fr\/index.php?rest_route=\/wp\/v2\/pages"}],"about":[{"href":"https:\/\/mb-nettoyage12.fr\/index.php?rest_route=\/wp\/v2\/types\/page"}],"author":[{"embeddable":true,"href":"https:\/\/mb-nettoyage12.fr\/index.php?rest_route=\/wp\/v2\/users\/1"}],"replies":[{"embeddable":true,"href":"https:\/\/mb-nettoyage12.fr\/index.php?rest_route=%2Fwp%2Fv2%2Fcomments&post=7"}],"version-history":[{"count":9,"href":"https:\/\/mb-nettoyage12.fr\/index.php?rest_route=\/wp\/v2\/pages\/7\/revisions"}],"predecessor-version":[{"id":93,"href":"https:\/\/mb-nettoyage12.fr\/index.php?rest_route=\/wp\/v2\/pages\/7\/revisions\/93"}],"wp:attachment":[{"href":"https:\/\/mb-nettoyage12.fr\/index.php?rest_route=%2Fwp%2Fv2%2Fmedia&parent=7"}],"curies":[{"name":"wp","href":"https:\/\/api.w.org\/{rel}","templated":true}]}}